{"id":1123,"date":"2019-01-21T02:53:00","date_gmt":"2019-01-21T01:53:00","guid":{"rendered":"https:\/\/www.zaharahotel.it\/welcome\/"},"modified":"2025-11-19T11:37:44","modified_gmt":"2025-11-19T10:37:44","slug":"welcome","status":"publish","type":"page","link":"https:\/\/www.zaharahotel.it\/it\/","title":{"rendered":"Zahara"},"content":{"rendered":"\n<style type=\"text\/css\" data-created_by=\"avia_inline_auto\" id=\"style-css-av-6v440-8068684267775ed0a1c5be3615e9253b\">\n.avia-section.av-6v440-8068684267775ed0a1c5be3615e9253b .av-parallax .av-parallax-inner{\nbackground-repeat:no-repeat;\nbackground-image:url(https:\/\/www.zaharahotel.it\/wp-content\/uploads\/2025\/11\/Duomo-di-Catania-.jpg);\nbackground-position:50% 50%;\nbackground-attachment:scroll;\n}\n<\/style>\n<div id='av_section_1'  class='avia-section av-6v440-8068684267775ed0a1c5be3615e9253b main_color avia-section-default avia-no-shadow  avia-builder-el-0  el_before_av_section  avia-builder-el-first  avia-full-stretch av-parallax-section avia-bg-style-parallax av-minimum-height av-minimum-height-custom av-height-custom  container_wrap sidebar_right'  data-section-bg-repeat='stretch' data-av_minimum_height_px='600'><div class='av-parallax' data-avia-parallax-ratio='0.3' ><div class='av-parallax-inner main_color avia-full-stretch'><\/div><\/div><div class='container av-section-cont-open' style='height:600px'><main  role=\"main\" itemprop=\"mainContentOfPage\"  class='template-page content  av-content-small alpha units'><div class='post-entry post-entry-type-page post-entry-1123'><div class='entry-content-wrapper clearfix'>\n\n<style type=\"text\/css\" data-created_by=\"avia_inline_auto\" id=\"style-css-av-jwuju20i-3a7fa390efa263ff9d0f5cd19a3cf4d7\">\n#top .av-special-heading.av-jwuju20i-3a7fa390efa263ff9d0f5cd19a3cf4d7{\npadding-bottom:0;\ncolor:#ffffff;\nfont-size:60px;\n}\nbody .av-special-heading.av-jwuju20i-3a7fa390efa263ff9d0f5cd19a3cf4d7 .av-special-heading-tag .heading-char{\nfont-size:25px;\n}\n#top #wrap_all .av-special-heading.av-jwuju20i-3a7fa390efa263ff9d0f5cd19a3cf4d7 .av-special-heading-tag{\nfont-size:60px;\n}\n.av-special-heading.av-jwuju20i-3a7fa390efa263ff9d0f5cd19a3cf4d7 .special-heading-inner-border{\nborder-color:#ffffff;\n}\n.av-special-heading.av-jwuju20i-3a7fa390efa263ff9d0f5cd19a3cf4d7 .av-subheading{\nfont-size:18px;\n}\n\n@media only screen and (min-width: 480px) and (max-width: 767px){ \n#top #wrap_all .av-special-heading.av-jwuju20i-3a7fa390efa263ff9d0f5cd19a3cf4d7 .av-special-heading-tag{\nfont-size:0.8em;\n}\n}\n\n@media only screen and (max-width: 479px){ \n#top #wrap_all .av-special-heading.av-jwuju20i-3a7fa390efa263ff9d0f5cd19a3cf4d7 .av-special-heading-tag{\nfont-size:0.8em;\n}\n}\n<\/style>\n<div  class='av-special-heading av-jwuju20i-3a7fa390efa263ff9d0f5cd19a3cf4d7 av-special-heading-h1 custom-color-heading blockquote modern-quote  avia-builder-el-1  avia-builder-el-no-sibling  av-thin-font av-inherit-size av-linked-heading'><h1 class='av-special-heading-tag '  itemprop=\"headline\"  >Benvenuto a <strong>Zahara<\/strong><\/h1><div class='av_custom_color av-subheading av-subheading_below'><p>L&#8217;hotel per i tuoi momenti a Catania<br \/>\n<strong><a href=\"https:\/\/www.zaharahotel.it\/prenota\">Prenota ora<\/a><\/strong><\/p>\n<\/div><div class=\"special-heading-border\"><div class=\"special-heading-inner-border\"><\/div><\/div><\/div>\n<\/div><\/div><\/main><!-- close content main element --><\/div><\/div>\n<style type=\"text\/css\" data-created_by=\"avia_inline_auto\" id=\"style-css-av-60m48-01d48983c4ba34c34e4744f780c417cb\">\n.avia-section.av-60m48-01d48983c4ba34c34e4744f780c417cb{\nbackground-repeat:no-repeat;\nbackground-image:url(https:\/\/www.zaharahotel.it\/wp-content\/uploads\/2014\/07\/fruit_bg.jpg);\nbackground-position:100% 100%;\nbackground-attachment:scroll;\n}\n<\/style>\n<div id='av_section_2'  class='avia-section av-60m48-01d48983c4ba34c34e4744f780c417cb main_color avia-section-large avia-no-border-styling  avia-builder-el-2  el_after_av_section  avia-builder-el-last  avia-bg-style-scroll container_wrap sidebar_right'  data-section-bg-repeat='no-repeat'><div class='container av-section-cont-open' ><div class='template-page content  av-content-small alpha units'><div class='post-entry post-entry-type-page post-entry-1123'><div class='entry-content-wrapper clearfix'>\n<div  class='flex_column av-1kflmg-2544537772908296ab6457bc969d1e95 av_two_third  avia-builder-el-3  el_before_av_one_third  avia-builder-el-first  first flex_column_div  '     ><div  class='avia-slideshow av-jr7otw43-96fdbe23b9fbf7c81a5f942b8a24f37a avia-slideshow-magazine av_slideshow avia-fade-slider  avia-builder-el-4  avia-builder-el-no-sibling  av-slideshow-ui av-control-default av-slideshow-autoplay av-loop-endless av-loop-manual-endless av-default-height-applied avia-slideshow-1' data-slideshow-options=\"{&quot;animation&quot;:&quot;fade&quot;,&quot;autoplay&quot;:true,&quot;loop_autoplay&quot;:&quot;endless&quot;,&quot;interval&quot;:5,&quot;loop_manual&quot;:&quot;manual-endless&quot;,&quot;autoplay_stopper&quot;:false,&quot;noNavigation&quot;:false,&quot;bg_slider&quot;:false,&quot;keep_padding&quot;:false,&quot;hoverpause&quot;:false,&quot;show_slide_delay&quot;:0}\"  itemprop=\"image\" itemscope=\"itemscope\" itemtype=\"https:\/\/schema.org\/ImageObject\" ><ul class='avia-slideshow-inner ' style='padding-bottom: 52.816901408451%;'><li  class='avia-slideshow-slide av-jr7otw43-96fdbe23b9fbf7c81a5f942b8a24f37a__0  slide-1 slide-odd'><div data-rel='slideshow-1' class='avia-slide-wrap '   ><img decoding=\"async\" fetchpriority=\"high\" class=\"wp-image-1251 avia-img-lazy-loading-not-1251\"  src=\"https:\/\/www.zaharahotel.it\/wp-content\/uploads\/2025\/11\/king1-710x375.jpg\" width=\"710\" height=\"375\" title='king1' alt=''  itemprop=\"thumbnailUrl\"   \/><\/div><\/li><li  class='avia-slideshow-slide av-jr7otw43-96fdbe23b9fbf7c81a5f942b8a24f37a__1  slide-2 slide-even'><div data-rel='slideshow-1' class='avia-slide-wrap '   ><img decoding=\"async\" fetchpriority=\"high\" class=\"wp-image-1239 avia-img-lazy-loading-not-1239\"  src=\"https:\/\/www.zaharahotel.it\/wp-content\/uploads\/2025\/11\/colazione3-710x375.jpg\" width=\"710\" height=\"375\" title='colazione3' alt=''  itemprop=\"thumbnailUrl\"   \/><\/div><\/li><li  class='avia-slideshow-slide av-jr7otw43-96fdbe23b9fbf7c81a5f942b8a24f37a__2  slide-3 slide-odd'><div data-rel='slideshow-1' class='avia-slide-wrap '   ><img decoding=\"async\" fetchpriority=\"high\" class=\"wp-image-1261 avia-img-lazy-loading-not-1261\"  src=\"https:\/\/www.zaharahotel.it\/wp-content\/uploads\/2025\/11\/vista-camera-576x375.jpg\" width=\"576\" height=\"375\" title='vista camera' alt=''  itemprop=\"thumbnailUrl\"   \/><\/div><\/li><\/ul><div class='avia-slideshow-arrows avia-slideshow-controls' ><a href='#prev' class='prev-slide  avia-svg-icon avia-font-svg_entypo-fontello' data-av_svg_icon='left-open-big' data-av_iconset='svg_entypo-fontello' tabindex='-1' title=\"Prec\"><svg version=\"1.1\" xmlns=\"http:\/\/www.w3.org\/2000\/svg\" width=\"15\" height=\"32\" viewBox=\"0 0 15 32\" preserveAspectRatio=\"xMidYMid meet\" aria-labelledby='av-svg-title-1' aria-describedby='av-svg-desc-1' role=\"graphics-symbol\" aria-hidden=\"true\">\n<title id='av-svg-title-1'>Prec<\/title>\n<desc id='av-svg-desc-1'>Prec<\/desc>\n<path d=\"M14.464 27.84q0.832 0.832 0 1.536-0.832 0.832-1.536 0l-12.544-12.608q-0.768-0.768 0-1.6l12.544-12.608q0.704-0.832 1.536 0 0.832 0.704 0 1.536l-11.456 11.904z\"><\/path>\n<\/svg><span class='avia_hidden_link_text'>Prec<\/span><\/a><a href='#next' class='next-slide  avia-svg-icon avia-font-svg_entypo-fontello' data-av_svg_icon='right-open-big' data-av_iconset='svg_entypo-fontello' tabindex='-1' title=\"Succ\"><svg version=\"1.1\" xmlns=\"http:\/\/www.w3.org\/2000\/svg\" width=\"15\" height=\"32\" viewBox=\"0 0 15 32\" preserveAspectRatio=\"xMidYMid meet\" aria-labelledby='av-svg-title-2' aria-describedby='av-svg-desc-2' role=\"graphics-symbol\" aria-hidden=\"true\">\n<title id='av-svg-title-2'>Succ<\/title>\n<desc id='av-svg-desc-2'>Succ<\/desc>\n<path d=\"M0.416 27.84l11.456-11.84-11.456-11.904q-0.832-0.832 0-1.536 0.832-0.832 1.536 0l12.544 12.608q0.768 0.832 0 1.6l-12.544 12.608q-0.704 0.832-1.536 0-0.832-0.704 0-1.536z\"><\/path>\n<\/svg><span class='avia_hidden_link_text'>Succ<\/span><\/a><\/div><div class='avia-slideshow-dots avia-slideshow-controls'><a href='#1' class='goto-slide active' >1<\/a><a href='#2' class='goto-slide ' >2<\/a><a href='#3' class='goto-slide ' >3<\/a><\/div><\/div><\/div>\n<style type=\"text\/css\" data-created_by=\"avia_inline_auto\" id=\"style-css-av-upf14-8b814e9b9ee504655db6a60ff1d08eed\">\n.flex_column.av-upf14-8b814e9b9ee504655db6a60ff1d08eed{\nborder-radius:0px 0px 0px 0px;\npadding:0px 0px 0px 0px;\n}\n<\/style>\n<div  class='flex_column av-upf14-8b814e9b9ee504655db6a60ff1d08eed av_one_third  avia-builder-el-5  el_after_av_two_third  el_before_av_one_half  flex_column_div av-zero-column-padding  '     ><p>\n<style type=\"text\/css\" data-created_by=\"avia_inline_auto\" id=\"style-css-av-jwujur6l-41d83865a03196dd4c4732473b52898a\">\n#top .av-special-heading.av-jwujur6l-41d83865a03196dd4c4732473b52898a{\npadding-bottom:0;\n}\nbody .av-special-heading.av-jwujur6l-41d83865a03196dd4c4732473b52898a .av-special-heading-tag .heading-char{\nfont-size:25px;\n}\n.av-special-heading.av-jwujur6l-41d83865a03196dd4c4732473b52898a .av-subheading{\nfont-size:15px;\n}\n<\/style>\n<div  class='av-special-heading av-jwujur6l-41d83865a03196dd4c4732473b52898a av-special-heading-h2 blockquote modern-quote  avia-builder-el-6  el_before_av_hr  avia-builder-el-first  av-thin-font av-linked-heading'><h2 class='av-special-heading-tag '  itemprop=\"headline\"  >Hotel centrale a<strong> 300m dal centro di Catania<\/strong><\/h2><div class='av-subheading av-subheading_below'><p>Sei ad un solo click da vivere Catania!<\/p>\n<\/div><div class=\"special-heading-border\"><div class=\"special-heading-inner-border\"><\/div><\/div><\/div><br \/>\n\n<style type=\"text\/css\" data-created_by=\"avia_inline_auto\" id=\"style-css-av-p14v4-e9404073d87b81344ed3dc25c3ea4041\">\n#top .hr.hr-invisible.av-p14v4-e9404073d87b81344ed3dc25c3ea4041{\nheight:1px;\n}\n<\/style>\n<div  class='hr av-p14v4-e9404073d87b81344ed3dc25c3ea4041 hr-invisible  avia-builder-el-7  el_after_av_heading  el_before_av_textblock '><span class='hr-inner '><span class=\"hr-inner-style\"><\/span><\/span><\/div><br \/>\n<section  class='av_textblock_section av-jr7ovfy9-4b08ee344f7e75c9fe66965ddd1b6f67 '   itemscope=\"itemscope\" itemtype=\"https:\/\/schema.org\/CreativeWork\" ><div class='avia_textblock'  itemprop=\"text\" ><p>Situato a 2,7 km dal Lido Arcobaleno e a soli 300 metri dal cuore di Catania, <strong>Zahara<\/strong> propone sistemazioni climatizzate dotate di WiFi gratuito e una confortevole sala comune.<\/p>\n<p>Ogni alloggio dispone di un bagno privato completo di bidet, set di cortesia e asciugacapelli per garantire il massimo comfort.<\/p>\n<p>La colazione \u00e8 disponibile con una vasta scelta di opzioni, tra cui continentali, italiane e vegetariane.<\/p>\n<div>\n<ul>\n<li>Vivi un&#8217;esperienza unica: qualit\u00e0 e servizio di prim&#8217;ordine.<\/li>\n<li>Camere doppie king, superior e standard.<\/li>\n<li>Qualit\u00e0\/prezzo imbattibile.<\/li>\n<\/ul>\n<\/div>\n<p>Per un&#8217;esperienza <strong>diversa<\/strong>&#8230;<\/p>\n<\/div><\/section><br \/>\n<div  class='avia-button-wrap av-kt6yg-dad3fc606d29cc1b210165ce487c641d-wrap avia-button-center  avia-builder-el-9  el_after_av_textblock  avia-builder-el-last '><a href='https:\/\/www.zaharahotel.it\/prenota'  class='avia-button av-kt6yg-dad3fc606d29cc1b210165ce487c641d av-link-btn avia-icon_select-yes-left-icon avia-size-small avia-position-center avia-color-theme-color'   aria-label=\"Prenota Ora\"><span class='avia_button_icon avia_button_icon_left avia-iconfont avia-font-entypo-fontello' data-av_icon='\ue85b' data-av_iconfont='entypo-fontello' ><\/span><span class='avia_iconbox_title' >Prenota Ora<\/span><\/a><\/div><\/p><\/div><div  class='flex_column av-cwktc-8c08a6776c789c4bcaf33db4a1197834 av_one_half  avia-builder-el-10  el_after_av_one_third  el_before_av_one_half  first flex_column_div  column-top-margin'     ><p>\n<style type=\"text\/css\" data-created_by=\"avia_inline_auto\" id=\"style-css-av-jr7ovte8-a15a6d9a23d147bc3d79bc4c9b47c5ec\">\n.avia-image-container.av-jr7ovte8-a15a6d9a23d147bc3d79bc4c9b47c5ec img.avia_image{\nbox-shadow:none;\n}\n.avia-image-container.av-jr7ovte8-a15a6d9a23d147bc3d79bc4c9b47c5ec .av-caption-image-overlay-bg{\nopacity:0.4;\nbackground-color:#000000;\n}\n.avia-image-container.av-jr7ovte8-a15a6d9a23d147bc3d79bc4c9b47c5ec .av-image-caption-overlay-center{\ncolor:#ffffff;\nfont-size:20px;\n}\n<\/style>\n<div  class='avia-image-container av-jr7ovte8-a15a6d9a23d147bc3d79bc4c9b47c5ec av-styling- av-img-linked avia_animated_image av-animated-when-visible-95 pop-up avia-align-center  avia-builder-el-11  el_before_av_icon_box  avia-builder-el-first  noHover av-overlay-on-hover'   itemprop=\"image\" itemscope=\"itemscope\" itemtype=\"https:\/\/schema.org\/ImageObject\" ><div class=\"avia-image-container-inner\"><div class=\"avia-image-overlay-wrap\"><a href=\"https:\/\/www.zaharahotel.it\/it\/camere\/\" class='avia_image '  aria-label='entrata'><div class=\"av-image-caption-overlay\"><div class=\"av-caption-image-overlay-bg\"><\/div><div class=\"av-image-caption-overlay-position\"><div class=\"av-image-caption-overlay-center\"><p>M\u00e1s info&#8230;.<\/p>\n<\/div><\/div><\/div><img decoding=\"async\" fetchpriority=\"high\" class='wp-image-1249 avia-img-lazy-loading-not-1249 avia_image ' src=\"https:\/\/www.zaharahotel.it\/wp-content\/uploads\/2025\/11\/entrata-576x684.jpg\" alt='' title='entrata'  height=\"684\" width=\"576\"  itemprop=\"thumbnailUrl\"  \/><\/a><\/div><\/div><\/div><br \/>\n<article  class='iconbox iconbox_left av-jr7ow9h8-e3dacf0c5eee5cb9850120171681589e  avia-builder-el-12  el_after_av_image  avia-builder-el-last '  itemscope=\"itemscope\" itemtype=\"https:\/\/schema.org\/CreativeWork\" ><div class=\"iconbox_content\"><header class=\"entry-content-header\" aria-label=\"Icona: SCOPRI L\u2019HOTEL\"><div class='iconbox_icon heading-color avia-iconfont avia-font-entypo-fontello' data-av_icon='\ue808' data-av_iconfont='entypo-fontello' title=\"SCOPRI L\u2019HOTEL\" desc=\"SCOPRI L\u2019HOTEL\" ><\/div><h3 class='iconbox_content_title '  itemprop=\"headline\" ><a href='https:\/\/www.zaharahotel.it\/it\/camere\/' title='SCOPRI L\u2019HOTEL'  >SCOPRI L\u2019HOTEL<\/a><\/h3><\/header><div class='iconbox_content_container '  itemprop=\"text\" ><p>Scopri l&#8217;hotel.<\/p>\n<p><a href=\"https:\/\/www.zaharahotel.it\/it\/scopri\/\"><strong>Pi\u00f9 info -><\/strong><\/a><\/p>\n<\/div><\/div><footer class=\"entry-footer\"><\/footer><\/article><\/p><\/div>\n<style type=\"text\/css\" data-created_by=\"avia_inline_auto\" id=\"style-css-av-795ig-440c5416baa9ab58aac6273a531a0bea\">\n.flex_column.av-795ig-440c5416baa9ab58aac6273a531a0bea{\nborder-radius:0px 0px 0px 0px;\npadding:0px 0px 0px 0px;\n}\n<\/style>\n<div  class='flex_column av-795ig-440c5416baa9ab58aac6273a531a0bea av_one_half  avia-builder-el-13  el_after_av_one_half  avia-builder-el-last  flex_column_div av-zero-column-padding  column-top-margin'     ><p>\n<style type=\"text\/css\" data-created_by=\"avia_inline_auto\" id=\"style-css-av-jr7ovznm-7ce638333cd74716b0f04b8aee78f8dd\">\n.avia-image-container.av-jr7ovznm-7ce638333cd74716b0f04b8aee78f8dd img.avia_image{\nbox-shadow:none;\n}\n.avia-image-container.av-jr7ovznm-7ce638333cd74716b0f04b8aee78f8dd .av-caption-image-overlay-bg{\nopacity:0.4;\nbackground-color:#000000;\n}\n.avia-image-container.av-jr7ovznm-7ce638333cd74716b0f04b8aee78f8dd .av-image-caption-overlay-center{\ncolor:#ffffff;\nfont-size:20px;\n}\n<\/style>\n<div  class='avia-image-container av-jr7ovznm-7ce638333cd74716b0f04b8aee78f8dd av-styling- av-img-linked avia_animated_image av-animated-when-visible-95 pop-up avia-align-center  avia-builder-el-14  el_before_av_icon_box  avia-builder-el-first  noHover av-overlay-on-hover'   itemprop=\"image\" itemscope=\"itemscope\" itemtype=\"https:\/\/schema.org\/ImageObject\" ><div class=\"avia-image-container-inner\"><div class=\"avia-image-overlay-wrap\"><a href=\"https:\/\/www.zaharahotel.it\/it\/camere\/\" class='avia_image '  aria-label='king1'><div class=\"av-image-caption-overlay\"><div class=\"av-caption-image-overlay-bg\"><\/div><div class=\"av-image-caption-overlay-position\"><div class=\"av-image-caption-overlay-center\"><p>M\u00e1s info&#8230;.<\/p>\n<\/div><\/div><\/div><img decoding=\"async\" fetchpriority=\"high\" class='wp-image-1251 avia-img-lazy-loading-not-1251 avia_image ' src=\"https:\/\/www.zaharahotel.it\/wp-content\/uploads\/2025\/11\/king1-845x684.jpg\" alt='' title='king1'  height=\"684\" width=\"845\"  itemprop=\"thumbnailUrl\" srcset=\"https:\/\/www.zaharahotel.it\/wp-content\/uploads\/2025\/11\/king1-845x684.jpg 845w, https:\/\/www.zaharahotel.it\/wp-content\/uploads\/2025\/11\/king1-495x400.jpg 495w\" sizes=\"(max-width: 845px) 100vw, 845px\" \/><\/a><\/div><\/div><\/div><br \/>\n<article  class='iconbox iconbox_left av-jr7owgqj-f97f2d921e76442875946e53545d9cc2  avia-builder-el-15  el_after_av_image  avia-builder-el-last '  itemscope=\"itemscope\" itemtype=\"https:\/\/schema.org\/CreativeWork\" ><div class=\"iconbox_content\"><header class=\"entry-content-header\" aria-label=\"Icona: CAMERE\"><div class='iconbox_icon heading-color avia-iconfont avia-font-entypo-fontello' data-av_icon='\ue808' data-av_iconfont='entypo-fontello' title=\"CAMERE\" desc=\"CAMERE\" ><\/div><h3 class='iconbox_content_title '  itemprop=\"headline\" ><a href='https:\/\/www.zaharahotel.it\/it\/camere\/' title='CAMERE'  >CAMERE<\/a><\/h3><\/header><div class='iconbox_content_container '  itemprop=\"text\" ><p>Scopri tutte le possibilit\u00e0.<\/p>\n<p><a href=\"https:\/\/www.zaharahotel.it\/it\/camere\/\"><strong>Pi\u00f9 info -><\/strong><\/a><\/p>\n<\/div><\/div><footer class=\"entry-footer\"><\/footer><\/article><\/p><\/div><\/div><\/div><\/div><!-- close content main div --><\/div><\/div><div id='after_section_2'  class='main_color av_default_container_wrap container_wrap sidebar_right'  ><div class='container av-section-cont-open' ><div class='template-page content  av-content-small alpha units'><div class='post-entry post-entry-type-page post-entry-1123'><div class='entry-content-wrapper clearfix'><\/p>\n","protected":false},"excerpt":{"rendered":"","protected":false},"author":1,"featured_media":0,"parent":0,"menu_order":0,"comment_status":"open","ping_status":"open","template":"","meta":{"footnotes":""},"class_list":["post-1123","page","type-page","status-publish","hentry"],"yoast_head":"<!-- This site is optimized with the Yoast SEO plugin v26.4 - https:\/\/yoast.com\/wordpress\/plugins\/seo\/ -->\n<title>Zahara - Catania<\/title>\n<meta name=\"description\" content=\"Zahara: il tuo \u2b50hotel\u2b50 a Catania. A 300m dal centro. Il miglior binomio qualit\u00e0\/prezzo &gt;&gt;&gt;\" \/>\n<meta name=\"robots\" content=\"index, follow, max-snippet:-1, max-image-preview:large, max-video-preview:-1\" \/>\n<link rel=\"canonical\" href=\"https:\/\/www.zaharahotel.it\/it\/\" \/>\n<meta property=\"og:locale\" content=\"it_IT\" \/>\n<meta property=\"og:type\" content=\"article\" \/>\n<meta property=\"og:title\" content=\"Zahara - Catania\" \/>\n<meta property=\"og:description\" content=\"Zahara: il tuo \u2b50hotel\u2b50 a Catania. A 300m dal centro. Il miglior binomio qualit\u00e0\/prezzo &gt;&gt;&gt;\" \/>\n<meta property=\"og:url\" content=\"https:\/\/www.zaharahotel.it\/it\/\" \/>\n<meta property=\"og:site_name\" content=\"Zahara, Catania\" \/>\n<meta property=\"article:modified_time\" content=\"2025-11-19T10:37:44+00:00\" \/>\n<meta name=\"twitter:card\" content=\"summary_large_image\" \/>\n<meta name=\"twitter:label1\" content=\"Tempo di lettura stimato\" \/>\n\t<meta name=\"twitter:data1\" content=\"2 minuti\" \/>\n<script type=\"application\/ld+json\" class=\"yoast-schema-graph\">{\"@context\":\"https:\/\/schema.org\",\"@graph\":[{\"@type\":\"WebPage\",\"@id\":\"https:\/\/www.zaharahotel.it\/it\/\",\"url\":\"https:\/\/www.zaharahotel.it\/it\/\",\"name\":\"Zahara - Catania\",\"isPartOf\":{\"@id\":\"https:\/\/www.zaharahotel.it\/it\/#website\"},\"datePublished\":\"2019-01-21T01:53:00+00:00\",\"dateModified\":\"2025-11-19T10:37:44+00:00\",\"description\":\"Zahara: il tuo \u2b50hotel\u2b50 a Catania. A 300m dal centro. Il miglior binomio qualit\u00e0\/prezzo >>>\",\"breadcrumb\":{\"@id\":\"https:\/\/www.zaharahotel.it\/it\/#breadcrumb\"},\"inLanguage\":\"it-IT\",\"potentialAction\":[{\"@type\":\"ReadAction\",\"target\":[\"https:\/\/www.zaharahotel.it\/it\/\"]}]},{\"@type\":\"BreadcrumbList\",\"@id\":\"https:\/\/www.zaharahotel.it\/it\/#breadcrumb\",\"itemListElement\":[{\"@type\":\"ListItem\",\"position\":1,\"name\":\"Home\",\"item\":\"https:\/\/www.zaharahotel.it\/it\/\"},{\"@type\":\"ListItem\",\"position\":2,\"name\":\"Zahara\"}]},{\"@type\":\"WebSite\",\"@id\":\"https:\/\/www.zaharahotel.it\/it\/#website\",\"url\":\"https:\/\/www.zaharahotel.it\/it\/\",\"name\":\"Zahara, Catania\",\"description\":\"Zahara, Catania\",\"publisher\":{\"@id\":\"https:\/\/www.zaharahotel.it\/it\/#organization\"},\"potentialAction\":[{\"@type\":\"SearchAction\",\"target\":{\"@type\":\"EntryPoint\",\"urlTemplate\":\"https:\/\/www.zaharahotel.it\/it\/?s={search_term_string}\"},\"query-input\":{\"@type\":\"PropertyValueSpecification\",\"valueRequired\":true,\"valueName\":\"search_term_string\"}}],\"inLanguage\":\"it-IT\"},{\"@type\":\"Organization\",\"@id\":\"https:\/\/www.zaharahotel.it\/it\/#organization\",\"name\":\"Hostal R\u00edo Paran\u00e1\",\"url\":\"https:\/\/www.zaharahotel.it\/it\/\",\"logo\":{\"@type\":\"ImageObject\",\"inLanguage\":\"it-IT\",\"@id\":\"https:\/\/www.zaharahotel.it\/it\/#\/schema\/logo\/image\/\",\"url\":\"https:\/\/www.zaharahotel.it\/wp-content\/uploads\/2019\/06\/Hostal-rio-paran\u00e1.png\",\"contentUrl\":\"https:\/\/www.zaharahotel.it\/wp-content\/uploads\/2019\/06\/Hostal-rio-paran\u00e1.png\",\"width\":500,\"height\":500,\"caption\":\"Hostal R\u00edo Paran\u00e1\"},\"image\":{\"@id\":\"https:\/\/www.zaharahotel.it\/it\/#\/schema\/logo\/image\/\"}}]}<\/script>\n<!-- \/ Yoast SEO plugin. -->","yoast_head_json":{"title":"Zahara - Catania","description":"Zahara: il tuo \u2b50hotel\u2b50 a Catania. A 300m dal centro. Il miglior binomio qualit\u00e0\/prezzo >>>","robots":{"index":"index","follow":"follow","max-snippet":"max-snippet:-1","max-image-preview":"max-image-preview:large","max-video-preview":"max-video-preview:-1"},"canonical":"https:\/\/www.zaharahotel.it\/it\/","og_locale":"it_IT","og_type":"article","og_title":"Zahara - Catania","og_description":"Zahara: il tuo \u2b50hotel\u2b50 a Catania. A 300m dal centro. Il miglior binomio qualit\u00e0\/prezzo >>>","og_url":"https:\/\/www.zaharahotel.it\/it\/","og_site_name":"Zahara, Catania","article_modified_time":"2025-11-19T10:37:44+00:00","twitter_card":"summary_large_image","twitter_misc":{"Tempo di lettura stimato":"2 minuti"},"schema":{"@context":"https:\/\/schema.org","@graph":[{"@type":"WebPage","@id":"https:\/\/www.zaharahotel.it\/it\/","url":"https:\/\/www.zaharahotel.it\/it\/","name":"Zahara - Catania","isPartOf":{"@id":"https:\/\/www.zaharahotel.it\/it\/#website"},"datePublished":"2019-01-21T01:53:00+00:00","dateModified":"2025-11-19T10:37:44+00:00","description":"Zahara: il tuo \u2b50hotel\u2b50 a Catania. A 300m dal centro. Il miglior binomio qualit\u00e0\/prezzo >>>","breadcrumb":{"@id":"https:\/\/www.zaharahotel.it\/it\/#breadcrumb"},"inLanguage":"it-IT","potentialAction":[{"@type":"ReadAction","target":["https:\/\/www.zaharahotel.it\/it\/"]}]},{"@type":"BreadcrumbList","@id":"https:\/\/www.zaharahotel.it\/it\/#breadcrumb","itemListElement":[{"@type":"ListItem","position":1,"name":"Home","item":"https:\/\/www.zaharahotel.it\/it\/"},{"@type":"ListItem","position":2,"name":"Zahara"}]},{"@type":"WebSite","@id":"https:\/\/www.zaharahotel.it\/it\/#website","url":"https:\/\/www.zaharahotel.it\/it\/","name":"Zahara, Catania","description":"Zahara, Catania","publisher":{"@id":"https:\/\/www.zaharahotel.it\/it\/#organization"},"potentialAction":[{"@type":"SearchAction","target":{"@type":"EntryPoint","urlTemplate":"https:\/\/www.zaharahotel.it\/it\/?s={search_term_string}"},"query-input":{"@type":"PropertyValueSpecification","valueRequired":true,"valueName":"search_term_string"}}],"inLanguage":"it-IT"},{"@type":"Organization","@id":"https:\/\/www.zaharahotel.it\/it\/#organization","name":"Hostal R\u00edo Paran\u00e1","url":"https:\/\/www.zaharahotel.it\/it\/","logo":{"@type":"ImageObject","inLanguage":"it-IT","@id":"https:\/\/www.zaharahotel.it\/it\/#\/schema\/logo\/image\/","url":"https:\/\/www.zaharahotel.it\/wp-content\/uploads\/2019\/06\/Hostal-rio-paran\u00e1.png","contentUrl":"https:\/\/www.zaharahotel.it\/wp-content\/uploads\/2019\/06\/Hostal-rio-paran\u00e1.png","width":500,"height":500,"caption":"Hostal R\u00edo Paran\u00e1"},"image":{"@id":"https:\/\/www.zaharahotel.it\/it\/#\/schema\/logo\/image\/"}}]}},"_links":{"self":[{"href":"https:\/\/www.zaharahotel.it\/it\/wp-json\/wp\/v2\/pages\/1123","targetHints":{"allow":["GET"]}}],"collection":[{"href":"https:\/\/www.zaharahotel.it\/it\/wp-json\/wp\/v2\/pages"}],"about":[{"href":"https:\/\/www.zaharahotel.it\/it\/wp-json\/wp\/v2\/types\/page"}],"author":[{"embeddable":true,"href":"https:\/\/www.zaharahotel.it\/it\/wp-json\/wp\/v2\/users\/1"}],"replies":[{"embeddable":true,"href":"https:\/\/www.zaharahotel.it\/it\/wp-json\/wp\/v2\/comments?post=1123"}],"version-history":[{"count":11,"href":"https:\/\/www.zaharahotel.it\/it\/wp-json\/wp\/v2\/pages\/1123\/revisions"}],"predecessor-version":[{"id":1284,"href":"https:\/\/www.zaharahotel.it\/it\/wp-json\/wp\/v2\/pages\/1123\/revisions\/1284"}],"wp:attachment":[{"href":"https:\/\/www.zaharahotel.it\/it\/wp-json\/wp\/v2\/media?parent=1123"}],"curies":[{"name":"wp","href":"https:\/\/api.w.org\/{rel}","templated":true}]}}